{"id":2493,"date":"2023-07-26T23:33:31","date_gmt":"2023-07-26T23:33:31","guid":{"rendered":"https:\/\/nuestraorilla.co\/?page_id=2493"},"modified":"2023-08-07T13:18:00","modified_gmt":"2023-08-07T13:18:00","slug":"episodio-cinco","status":"publish","type":"page","link":"https:\/\/nuestraorilla.co\/en\/episodio-cinco\/","title":{"rendered":"Episode 5"},"content":{"rendered":"<div data-elementor-type=\"wp-page\" data-elementor-id=\"2493\" class=\"elementor elementor-2493\" data-elementor-post-type=\"page\">\n\t\t\t\t<div class=\"elementor-element elementor-element-37f25e60 e-flex e-con-boxed e-con e-parent\" data-id=\"37f25e60\" data-element_type=\"container\" data-settings=\"{&quot;background_background&quot;:&quot;classic&quot;}\">\n\t\t\t\t\t<div class=\"e-con-inner\">\n\t\t<div class=\"elementor-element elementor-element-178e69f0 e-flex e-con-boxed e-con e-parent\" data-id=\"178e69f0\" data-element_type=\"container\" data-settings=\"{&quot;background_background&quot;:&quot;classic&quot;}\">\n\t\t\t\t\t<div class=\"e-con-inner\">\n\t\t<div class=\"elementor-element elementor-element-5c5ea4eb e-flex e-con-boxed e-con e-parent\" data-id=\"5c5ea4eb\" data-element_type=\"container\">\n\t\t\t\t\t<div class=\"e-con-inner\">\n\t\t\t\t<div class=\"elementor-element elementor-element-4ad694f8 elementor-widget elementor-widget-heading\" data-id=\"4ad694f8\" data-element_type=\"widget\" data-widget_type=\"heading.default\">\n\t\t\t\t<div class=\"elementor-widget-container\">\n\t\t\t<h2 class=\"elementor-heading-title elementor-size-default\">Episode 5: <\/h2>\t\t<\/div>\n\t\t\t\t<\/div>\n\t\t\t\t<div class=\"elementor-element elementor-element-223b4978 elementor-widget elementor-widget-heading\" data-id=\"223b4978\" data-element_type=\"widget\" data-widget_type=\"heading.default\">\n\t\t\t\t<div class=\"elementor-widget-container\">\n\t\t\t<h1 class=\"elementor-heading-title elementor-size-default\">ABANDONMENT<\/h1>\t\t<\/div>\n\t\t\t\t<\/div>\n\t\t\t\t\t<\/div>\n\t\t\t\t<\/div>\n\t\t<div class=\"elementor-element elementor-element-6698d75e e-flex e-con-boxed e-con e-parent\" data-id=\"6698d75e\" data-element_type=\"container\">\n\t\t\t\t\t<div class=\"e-con-inner\">\n\t\t<div class=\"elementor-element elementor-element-538882d6 e-con-full e-flex e-con e-parent\" data-id=\"538882d6\" data-element_type=\"container\">\n\t\t\t\t<div class=\"elementor-element elementor-element-4ace7f82 elementor-widget elementor-widget-heading\" data-id=\"4ace7f82\" data-element_type=\"widget\" data-widget_type=\"heading.default\">\n\t\t\t\t<div class=\"elementor-widget-container\">\n\t\t\t<h2 class=\"elementor-heading-title elementor-size-default\">SHARE THIS EPISODE<\/h2>\t\t<\/div>\n\t\t\t\t<\/div>\n\t\t\t\t<\/div>\n\t\t<div class=\"elementor-element elementor-element-c6caa88 e-con-full e-flex e-con e-parent\" data-id=\"c6caa88\" data-element_type=\"container\">\n\t\t\t\t<div class=\"elementor-element elementor-element-31df76cd elementor-share-buttons--view-icon elementor-share-buttons--skin-minimal elementor-share-buttons--align-center elementor-share-buttons--color-custom elementor-share-buttons--shape-square elementor-grid-0 elementor-widget elementor-widget-share-buttons\" data-id=\"31df76cd\" data-element_type=\"widget\" data-widget_type=\"share-buttons.default\">\n\t\t\t\t<div class=\"elementor-widget-container\">\n\t\t\t\t\t<div class=\"elementor-grid\">\n\t\t\t\t\t\t\t\t<div class=\"elementor-grid-item\">\n\t\t\t\t\t\t<div\n\t\t\t\t\t\t\tclass=\"elementor-share-btn elementor-share-btn_facebook\"\n\t\t\t\t\t\t\trole=\"button\"\n\t\t\t\t\t\t\ttabindex=\"0\"\n\t\t\t\t\t\t\taria-label=\"Share on facebook\"\n\t\t\t\t\t\t>\n\t\t\t\t\t\t\t\t\t\t\t\t\t\t\t<span class=\"elementor-share-btn__icon\">\n\t\t\t\t\t\t\t\t<svg class=\"e-font-icon-svg e-fab-facebook\" viewbox=\"0 0 512 512\" xmlns=\"http:\/\/www.w3.org\/2000\/svg\"><path d=\"M504 256C504 119 393 8 256 8S8 119 8 256c0 123.78 90.69 226.38 209.25 245V327.69h-63V256h63v-54.64c0-62.15 37-96.48 93.67-96.48 27.14 0 55.52 4.84 55.52 4.84v61h-31.28c-30.8 0-40.41 19.12-40.41 38.73V256h68.78l-11 71.69h-57.78V501C413.31 482.38 504 379.78 504 256z\"><\/path><\/svg>\t\t\t\t\t\t\t<\/span>\n\t\t\t\t\t\t\t\t\t\t\t\t\t\t\t\t\t\t\t\t<\/div>\n\t\t\t\t\t<\/div>\n\t\t\t\t\t\t<\/div>\n\t\t\t\t<\/div>\n\t\t\t\t<\/div>\n\t\t\t\t<\/div>\n\t\t<div class=\"elementor-element elementor-element-103ee953 e-con-full e-flex e-con e-parent\" data-id=\"103ee953\" data-element_type=\"container\">\n\t\t\t\t<div class=\"elementor-element elementor-element-72af9df6 elementor-share-buttons--view-icon elementor-share-buttons--skin-minimal elementor-share-buttons--align-center elementor-share-buttons--color-custom elementor-share-buttons--shape-square elementor-grid-0 elementor-widget elementor-widget-share-buttons\" data-id=\"72af9df6\" data-element_type=\"widget\" data-widget_type=\"share-buttons.default\">\n\t\t\t\t<div class=\"elementor-widget-container\">\n\t\t\t\t\t<div class=\"elementor-grid\">\n\t\t\t\t\t\t\t\t<div class=\"elementor-grid-item\">\n\t\t\t\t\t\t<div\n\t\t\t\t\t\t\tclass=\"elementor-share-btn elementor-share-btn_twitter\"\n\t\t\t\t\t\t\trole=\"button\"\n\t\t\t\t\t\t\ttabindex=\"0\"\n\t\t\t\t\t\t\taria-label=\"Share on twitter\"\n\t\t\t\t\t\t>\n\t\t\t\t\t\t\t\t\t\t\t\t\t\t\t<span class=\"elementor-share-btn__icon\">\n\t\t\t\t\t\t\t\t<svg class=\"e-font-icon-svg e-fab-twitter\" viewbox=\"0 0 512 512\" xmlns=\"http:\/\/www.w3.org\/2000\/svg\"><path d=\"M459.37 151.716c.325 4.548.325 9.097.325 13.645 0 138.72-105.583 298.558-298.558 298.558-59.452 0-114.68-17.219-161.137-47.106 8.447.974 16.568 1.299 25.34 1.299 49.055 0 94.213-16.568 130.274-44.832-46.132-.975-84.792-31.188-98.112-72.772 6.498.974 12.995 1.624 19.818 1.624 9.421 0 18.843-1.3 27.614-3.573-48.081-9.747-84.143-51.98-84.143-102.985v-1.299c13.969 7.797 30.214 12.67 47.431 13.319-28.264-18.843-46.781-51.005-46.781-87.391 0-19.492 5.197-37.36 14.294-52.954 51.655 63.675 129.3 105.258 216.365 109.807-1.624-7.797-2.599-15.918-2.599-24.04 0-57.828 46.782-104.934 104.934-104.934 30.213 0 57.502 12.67 76.67 33.137 23.715-4.548 46.456-13.32 66.599-25.34-7.798 24.366-24.366 44.833-46.132 57.827 21.117-2.273 41.584-8.122 60.426-16.243-14.292 20.791-32.161 39.308-52.628 54.253z\"><\/path><\/svg>\t\t\t\t\t\t\t<\/span>\n\t\t\t\t\t\t\t\t\t\t\t\t\t\t\t\t\t\t\t\t<\/div>\n\t\t\t\t\t<\/div>\n\t\t\t\t\t\t<\/div>\n\t\t\t\t<\/div>\n\t\t\t\t<\/div>\n\t\t\t\t<\/div>\n\t\t\t\t\t<\/div>\n\t\t\t\t<\/div>\n\t\t<div class=\"elementor-element elementor-element-30691e52 e-flex e-con-boxed e-con e-parent\" data-id=\"30691e52\" data-element_type=\"container\">\n\t\t\t\t\t<div class=\"e-con-inner\">\n\t\t\t\t<div class=\"elementor-element elementor-element-453c1b7 elementor-widget elementor-widget-image\" data-id=\"453c1b7\" data-element_type=\"widget\" data-widget_type=\"image.default\">\n\t\t\t\t<div class=\"elementor-widget-container\">\n\t\t\t\t\t\t\t\t\t\t\t\t\t<img fetchpriority=\"high\" decoding=\"async\" width=\"768\" height=\"768\" src=\"https:\/\/nuestraorilla.co\/wp-content\/uploads\/2023\/07\/Nuestra-Orilla-logo-Cap5-768x768.jpg\" class=\"attachment-medium_large size-medium_large wp-image-2502\" alt=\"\" srcset=\"https:\/\/nuestraorilla.co\/wp-content\/uploads\/2023\/07\/Nuestra-Orilla-logo-Cap5-768x768.jpg 768w, https:\/\/nuestraorilla.co\/wp-content\/uploads\/2023\/07\/Nuestra-Orilla-logo-Cap5-300x300.jpg 300w, https:\/\/nuestraorilla.co\/wp-content\/uploads\/2023\/07\/Nuestra-Orilla-logo-Cap5-1024x1024.jpg 1024w, https:\/\/nuestraorilla.co\/wp-content\/uploads\/2023\/07\/Nuestra-Orilla-logo-Cap5-150x150.jpg 150w, https:\/\/nuestraorilla.co\/wp-content\/uploads\/2023\/07\/Nuestra-Orilla-logo-Cap5-12x12.jpg 12w, https:\/\/nuestraorilla.co\/wp-content\/uploads\/2023\/07\/Nuestra-Orilla-logo-Cap5.jpg 1200w\" sizes=\"(max-width: 768px) 100vw, 768px\">\t\t\t\t\t\t\t\t\t\t\t\t\t<\/div>\n\t\t\t\t<\/div>\n\t\t<div class=\"elementor-element elementor-element-3c2fca29 e-flex e-con-boxed e-con e-parent\" data-id=\"3c2fca29\" data-element_type=\"container\">\n\t\t\t\t\t<div class=\"e-con-inner\">\n\t\t\t\t<div class=\"elementor-element elementor-element-1286c7a elementor-widget elementor-widget-text-editor\" data-id=\"1286c7a\" data-element_type=\"widget\" data-widget_type=\"text-editor.default\">\n\t\t\t\t<div class=\"elementor-widget-container\">\n\t\t\t\t\t\t\t<h4>SUMMARY<\/h4><p>In 1997, armed violence besieged the communities of the lower Atrato. Thousands of families were forced to abandon their homes and set out on a long journey to protect themselves from the attacks. In this episode Anita tells us about the losses, risks, uncertainties and the abandonment that they felt during this experience of massive displacement.<\/p>\t\t\t\t\t\t<\/div>\n\t\t\t\t<\/div>\n\t\t\t\t<div class=\"elementor-element elementor-element-68f32264 elementor-widget elementor-widget-html\" data-id=\"68f32264\" data-element_type=\"widget\" data-widget_type=\"html.default\">\n\t\t\t\t<div class=\"elementor-widget-container\">\n\t\t\t<a class=\"spreaker-player\" href=\"https:\/\/www.spreaker.com\/episode\/56240884\" data-resource=\"episode_id=56240884\" data-width=\"100%\" data-height=\"200px\" data-theme=\"light\" data-playlist=\"false\" data-playlist-continuous=\"false\" data-chapters-image=\"false\" data-episode-image-position=\"right\" data-hide-logo=\"false\" data-hide-likes=\"false\" data-hide-comments=\"false\" data-hide-sharing=\"false\" data-hide-download=\"true\" target=\"_blank\" rel=\"noopener\">Listen to \"Episodio 5: EL ABANDONO\" on Spreaker.<\/a>\n<script async src=\"https:\/\/widget.spreaker.com\/widgets.js\"><\/script>\t\t<\/div>\n\t\t\t\t<\/div>\n\t\t\t\t\t<\/div>\n\t\t\t\t<\/div>\n\t\t\t\t\t<\/div>\n\t\t\t\t<\/div>\n\t\t<div class=\"elementor-element elementor-element-6d820e02 e-flex e-con-boxed e-con e-parent\" data-id=\"6d820e02\" data-element_type=\"container\">\n\t\t\t\t\t<div class=\"e-con-inner\">\n\t\t<div class=\"elementor-element elementor-element-147f3622 e-flex e-con-boxed e-con e-parent\" data-id=\"147f3622\" data-element_type=\"container\">\n\t\t\t\t\t<div class=\"e-con-inner\">\n\t\t\t\t<div class=\"elementor-element elementor-element-4904e8f4 elementor-widget elementor-widget-heading\" data-id=\"4904e8f4\" data-element_type=\"widget\" data-widget_type=\"heading.default\">\n\t\t\t\t<div class=\"elementor-widget-container\">\n\t\t\t<h2 class=\"elementor-heading-title elementor-size-default\">IF YOU WANT TO KNOW MORE<\/h2>\t\t<\/div>\n\t\t\t\t<\/div>\n\t\t\t\t<div class=\"elementor-element elementor-element-66b9fb24 elementor-align-center elementor-hidden-desktop elementor-hidden-tablet elementor-hidden-mobile elementor-widget elementor-widget-button\" data-id=\"66b9fb24\" data-element_type=\"widget\" data-widget_type=\"button.default\">\n\t\t\t\t<div class=\"elementor-widget-container\">\n\t\t\t\t\t<div class=\"elementor-button-wrapper\">\n\t\t\t<a class=\"elementor-button elementor-button-link elementor-size-sm\" href=\"#\">\n\t\t\t\t\t\t<span class=\"elementor-button-content-wrapper\">\n\t\t\t\t\t\t\t\t\t<span class=\"elementor-button-text\">EPISODE TRANSCRIPT<\/span>\n\t\t\t\t\t<\/span>\n\t\t\t\t\t<\/a>\n\t\t<\/div>\n\t\t\t\t<\/div>\n\t\t\t\t<\/div>\n\t\t\t\t\t<\/div>\n\t\t\t\t<\/div>\n\t\t\t\t\t<\/div>\n\t\t\t\t<\/div>\n\t\t<div class=\"elementor-element elementor-element-7b61c6b0 e-flex e-con-boxed e-con e-parent\" data-id=\"7b61c6b0\" data-element_type=\"container\" data-settings=\"{&quot;background_background&quot;:&quot;classic&quot;}\">\n\t\t\t\t\t<div class=\"e-con-inner\">\n\t\t<div class=\"elementor-element elementor-element-3c9ef4de e-flex e-con-boxed e-con e-parent\" data-id=\"3c9ef4de\" data-element_type=\"container\">\n\t\t\t\t\t<div class=\"e-con-inner\">\n\t\t<div class=\"elementor-element elementor-element-1f5e100c e-flex e-con-boxed e-con e-parent\" data-id=\"1f5e100c\" data-element_type=\"container\">\n\t\t\t\t\t<div class=\"e-con-inner\">\n\t\t<a class=\"elementor-element elementor-element-2fbc0fac e-flex e-con-boxed e-con e-parent\" data-id=\"2fbc0fac\" data-element_type=\"container\" href=\"https:\/\/www.corteidh.or.cr\/docs\/casos\/articulos\/seriec_270_esp.pdf\" target=\"_blank\" rel=\"noopener\">\n\t\t\t\t\t<div class=\"e-con-inner\">\n\t\t\t\t<div class=\"elementor-element elementor-element-64cd1728 elementor-widget elementor-widget-heading\" data-id=\"64cd1728\" data-element_type=\"widget\" data-widget_type=\"heading.default\">\n\t\t\t\t<div class=\"elementor-widget-container\">\n\t\t\t<h1 class=\"elementor-heading-title elementor-size-default\">Caso de las comunidades afrodescendientes desplazadas de la cuenca del r\u00edo Cacarica (Operaci\u00f3n G\u00e9nesis) vs. Colombia.<\/h1>\t\t<\/div>\n\t\t\t\t<\/div>\n\t\t\t\t<div class=\"elementor-element elementor-element-27c3d3d elementor-widget elementor-widget-heading\" data-id=\"27c3d3d\" data-element_type=\"widget\" data-widget_type=\"heading.default\">\n\t\t\t\t<div class=\"elementor-widget-container\">\n\t\t\t<h2 class=\"elementor-heading-title elementor-size-default\">Corte Interamericana de Derechos Humanos<\/h2>\t\t<\/div>\n\t\t\t\t<\/div>\n\t\t\t\t<div class=\"elementor-element elementor-element-6ef31add elementor-widget elementor-widget-heading\" data-id=\"6ef31add\" data-element_type=\"widget\" data-widget_type=\"heading.default\">\n\t\t\t\t<div class=\"elementor-widget-container\">\n\t\t\t<h2 class=\"elementor-heading-title elementor-size-default\">Sentencia de 20 de noviembre de 2013.<\/h2>\t\t<\/div>\n\t\t\t\t<\/div>\n\t\t\t\t\t<\/div>\n\t\t\t\t<\/a>\n\t\t<a class=\"elementor-element elementor-element-60c6a97 e-flex e-con-boxed e-con e-parent\" data-id=\"60c6a97\" data-element_type=\"container\" href=\"https:\/\/centrodememoriahistorica.gov.co\/wp-content\/uploads\/2023\/05\/DigitalRiosucioPostales2022.pdf\" target=\"_blank\" rel=\"noopener\">\n\t\t\t\t\t<div class=\"e-con-inner\">\n\t\t\t\t<div class=\"elementor-element elementor-element-dc94170 elementor-widget elementor-widget-heading\" data-id=\"dc94170\" data-element_type=\"widget\" data-widget_type=\"heading.default\">\n\t\t\t\t<div class=\"elementor-widget-container\">\n\t\t\t<h1 class=\"elementor-heading-title elementor-size-default\">Centro Nacional de Memoria Hist\u00f3rica. Memorial por las v\u00edctimas de Riosucio, Choc\u00f3.<\/h1>\t\t<\/div>\n\t\t\t\t<\/div>\n\t\t\t\t<div class=\"elementor-element elementor-element-76a1939 elementor-widget elementor-widget-heading\" data-id=\"76a1939\" data-element_type=\"widget\" data-widget_type=\"heading.default\">\n\t\t\t\t<div class=\"elementor-widget-container\">\n\t\t\t<h2 class=\"elementor-heading-title elementor-size-default\">Centro Nacional de Memoria Hist\u00f3rica<\/h2>\t\t<\/div>\n\t\t\t\t<\/div>\n\t\t\t\t<div class=\"elementor-element elementor-element-9599de7 elementor-widget elementor-widget-heading\" data-id=\"9599de7\" data-element_type=\"widget\" data-widget_type=\"heading.default\">\n\t\t\t\t<div class=\"elementor-widget-container\">\n\t\t\t<h2 class=\"elementor-heading-title elementor-size-default\">Bogot\u00e1: Imprenta Nacional de Colombia, 2022<\/h2>\t\t<\/div>\n\t\t\t\t<\/div>\n\t\t\t\t\t<\/div>\n\t\t\t\t<\/a>\n\t\t<a class=\"elementor-element elementor-element-2f29f317 e-flex e-con-boxed e-con e-parent\" data-id=\"2f29f317\" data-element_type=\"container\" href=\"https:\/\/www.swissaid.org.co\/zoteas-biodiversidad-y-relaciones-culturales-en-el-choco-biogeografico-colombiano\/\" target=\"_blank\" rel=\"noopener\">\n\t\t\t\t\t<div class=\"e-con-inner\">\n\t\t\t\t<div class=\"elementor-element elementor-element-d12928c elementor-widget elementor-widget-heading\" data-id=\"d12928c\" data-element_type=\"widget\" data-widget_type=\"heading.default\">\n\t\t\t\t<div class=\"elementor-widget-container\">\n\t\t\t<h1 class=\"elementor-heading-title elementor-size-default\">Zoteas: Biodiversidad y relaciones culturales en el Choc\u00f3 biogeogr\u00e1fico colombiano.<\/h1>\t\t<\/div>\n\t\t\t\t<\/div>\n\t\t\t\t<div class=\"elementor-element elementor-element-31575d88 elementor-widget elementor-widget-heading\" data-id=\"31575d88\" data-element_type=\"widget\" data-widget_type=\"heading.default\">\n\t\t\t\t<div class=\"elementor-widget-container\">\n\t\t\t<h2 class=\"elementor-heading-title elementor-size-default\">Jes\u00fas Eduardo Arroyo, Juana Camacho, Mireya Leyton y Maribell Gonz\u00e1lez, eds.<\/h2>\t\t<\/div>\n\t\t\t\t<\/div>\n\t\t\t\t<div class=\"elementor-element elementor-element-79f23266 elementor-widget elementor-widget-heading\" data-id=\"79f23266\" data-element_type=\"widget\" data-widget_type=\"heading.default\">\n\t\t\t\t<div class=\"elementor-widget-container\">\n\t\t\t<h2 class=\"elementor-heading-title elementor-size-default\">Bogot\u00e1: Fundaci\u00f3n Natura, IIAP y Fundaci\u00f3n SWISSAID, 2001.<\/h2>\t\t<\/div>\n\t\t\t\t<\/div>\n\t\t\t\t\t<\/div>\n\t\t\t\t<\/a>\n\t\t<a class=\"elementor-element elementor-element-54d8780a e-flex e-con-boxed e-con e-parent\" data-id=\"54d8780a\" data-element_type=\"container\">\n\t\t\t\t\t<div class=\"e-con-inner\">\n\t\t\t\t\t<\/div>\n\t\t\t\t<\/a>\n\t\t\t\t\t<\/div>\n\t\t\t\t<\/div>\n\t\t\t\t\t<\/div>\n\t\t\t\t<\/div>\n\t\t\t\t\t<\/div>\n\t\t\t\t<\/div>\n\t\t\t\t\t<\/div>\n\t\t\t\t<\/div>\n\t\t<div class=\"elementor-element elementor-element-296d50a e-con-full e-flex e-con e-parent\" data-id=\"296d50a\" data-element_type=\"container\" data-settings=\"{&quot;background_background&quot;:&quot;classic&quot;}\">\n\t\t<div class=\"elementor-element elementor-element-49ab1d33 e-flex e-con-boxed e-con e-parent\" data-id=\"49ab1d33\" data-element_type=\"container\">\n\t\t\t\t\t<div class=\"e-con-inner\">\n\t\t\t\t<div class=\"elementor-element elementor-element-25e92889 elementor-position-left elementor-mobile-position-left elementor-view-default elementor-vertical-align-top elementor-widget elementor-widget-icon-box\" data-id=\"25e92889\" data-element_type=\"widget\" data-widget_type=\"icon-box.default\">\n\t\t\t\t<div class=\"elementor-widget-container\">\n\t\t\t\t\t<div class=\"elementor-icon-box-wrapper\">\n\n\t\t\t\t\t\t<div class=\"elementor-icon-box-icon\">\n\t\t\t\t<a href=\"https:\/\/nuestraorilla.co\/en\/episodio-cuatro\/\" class=\"elementor-icon elementor-animation-\" tabindex=\"-1\">\n\t\t\t\t<svg xmlns=\"http:\/\/www.w3.org\/2000\/svg\" id=\"a\" viewbox=\"0 0 16 18\"><path id=\"b\" d=\"m0,9L16,0v18L0,9Z\"><\/path><\/svg>\t\t\t\t<\/a>\n\t\t\t<\/div>\n\t\t\t\n\t\t\t\t\t\t<div class=\"elementor-icon-box-content\">\n\n\t\t\t\t\t\t\t\t\t<p class=\"elementor-icon-box-title\">\n\t\t\t\t\t\t<a href=\"https:\/\/nuestraorilla.co\/en\/episodio-cuatro\/\">\n\t\t\t\t\t\t\tEPISODE 4: The Cost of Our Education\t\t\t\t\t\t<\/a>\n\t\t\t\t\t<\/p>\n\t\t\t\t\n\t\t\t\t\n\t\t\t<\/div>\n\t\t\t\n\t\t<\/div>\n\t\t\t\t<\/div>\n\t\t\t\t<\/div>\n\t\t\t\t<div class=\"elementor-element elementor-element-4cff0064 elementor-position-right elementor-mobile-position-right elementor-view-default elementor-vertical-align-top elementor-widget elementor-widget-icon-box\" data-id=\"4cff0064\" data-element_type=\"widget\" data-widget_type=\"icon-box.default\">\n\t\t\t\t<div class=\"elementor-widget-container\">\n\t\t\t\t\t<div class=\"elementor-icon-box-wrapper\">\n\n\t\t\t\t\t\t<div class=\"elementor-icon-box-icon\">\n\t\t\t\t<a href=\"https:\/\/nuestraorilla.co\/en\/episodio-seis\/\" class=\"elementor-icon elementor-animation-\" tabindex=\"-1\">\n\t\t\t\t<svg xmlns=\"http:\/\/www.w3.org\/2000\/svg\" id=\"a\" viewbox=\"0 0 16 18\"><path id=\"b\" d=\"m16,9L0,18V0l16,9Z\"><\/path><\/svg>\t\t\t\t<\/a>\n\t\t\t<\/div>\n\t\t\t\n\t\t\t\t\t\t<div class=\"elementor-icon-box-content\">\n\n\t\t\t\t\t\t\t\t\t<p class=\"elementor-icon-box-title\">\n\t\t\t\t\t\t<a href=\"https:\/\/nuestraorilla.co\/en\/episodio-seis\/\">\n\t\t\t\t\t\t\tEPISODE 6: Riverless\t\t\t\t\t\t<\/a>\n\t\t\t\t\t<\/p>\n\t\t\t\t\n\t\t\t\t\n\t\t\t<\/div>\n\t\t\t\n\t\t<\/div>\n\t\t\t\t<\/div>\n\t\t\t\t<\/div>\n\t\t\t\t\t<\/div>\n\t\t\t\t<\/div>\n\t\t\t\t<\/div>\n\t\t\t\t\t<\/div>\n\t\t\t\t<\/div>\n\t\t\t\t<\/div>","protected":false},"excerpt":{"rendered":"<p>Episodio 5: EL ABANDONO COMPARTE ESTE EPISODIO EN ESTE EPISODIO\u200b En 1997 la violencia armada golpe\u00f3 con toda su fuerza a las comunidades del Bajo Atrato. Miles de familias se vieron obligadas a abandonar sus hogares y a emprender un largo camino para resguardarse de los ataques. En este episodio Anita nos cuenta las p\u00e9rdidas, [&hellip;]<\/p>","protected":false},"author":1,"featured_media":0,"parent":0,"menu_order":0,"comment_status":"closed","ping_status":"closed","template":"","meta":{"rank_math_lock_modified_date":false,"_exactmetrics_skip_tracking":false,"_exactmetrics_sitenote_active":false,"_exactmetrics_sitenote_note":"","_exactmetrics_sitenote_category":0,"footnotes":""},"class_list":["post-2493","page","type-page","status-publish","hentry"],"_links":{"self":[{"href":"https:\/\/nuestraorilla.co\/en\/wp-json\/wp\/v2\/pages\/2493"}],"collection":[{"href":"https:\/\/nuestraorilla.co\/en\/wp-json\/wp\/v2\/pages"}],"about":[{"href":"https:\/\/nuestraorilla.co\/en\/wp-json\/wp\/v2\/types\/page"}],"author":[{"embeddable":true,"href":"https:\/\/nuestraorilla.co\/en\/wp-json\/wp\/v2\/users\/1"}],"replies":[{"embeddable":true,"href":"https:\/\/nuestraorilla.co\/en\/wp-json\/wp\/v2\/comments?post=2493"}],"version-history":[{"count":75,"href":"https:\/\/nuestraorilla.co\/en\/wp-json\/wp\/v2\/pages\/2493\/revisions"}],"predecessor-version":[{"id":3257,"href":"https:\/\/nuestraorilla.co\/en\/wp-json\/wp\/v2\/pages\/2493\/revisions\/3257"}],"wp:attachment":[{"href":"https:\/\/nuestraorilla.co\/en\/wp-json\/wp\/v2\/media?parent=2493"}],"curies":[{"name":"wp","href":"https:\/\/api.w.org\/{rel}","templated":true}]}}