{"id":3267,"date":"2023-10-28T07:30:20","date_gmt":"2023-10-28T07:30:20","guid":{"rendered":"https:\/\/nuestraorilla.co\/?page_id=3267"},"modified":"2024-01-24T20:35:12","modified_gmt":"2024-01-24T20:35:12","slug":"guia-didactica","status":"publish","type":"page","link":"https:\/\/nuestraorilla.co\/en\/guia-didactica\/","title":{"rendered":"LESSON PLANS"},"content":{"rendered":"<div data-elementor-type=\"wp-page\" data-elementor-id=\"3267\" class=\"elementor elementor-3267\" data-elementor-post-type=\"page\">\n\t\t\t\t<div class=\"elementor-element elementor-element-6b70b3d e-flex e-con-boxed e-con e-parent\" data-id=\"6b70b3d\" data-element_type=\"container\" data-settings=\"{&quot;background_background&quot;:&quot;classic&quot;}\">\n\t\t\t\t\t<div class=\"e-con-inner\">\n\t\t<div class=\"elementor-element elementor-element-78d78e6 e-flex e-con-boxed e-con e-child\" data-id=\"78d78e6\" data-element_type=\"container\" data-settings=\"{&quot;background_background&quot;:&quot;classic&quot;}\">\n\t\t\t\t\t<div class=\"e-con-inner\">\n\t\t\t\t<div class=\"elementor-element elementor-element-447a57d elementor-widget elementor-widget-heading\" data-id=\"447a57d\" data-element_type=\"widget\" data-widget_type=\"heading.default\">\n\t\t\t\t<div class=\"elementor-widget-container\">\n\t\t\t<h1 class=\"elementor-heading-title elementor-size-default\">Lesson Plans for Teachers<\/h1>\t\t<\/div>\n\t\t\t\t<\/div>\n\t\t\t\t<div class=\"elementor-element elementor-element-a5cdb44 elementor-widget-divider--view-line elementor-widget elementor-widget-divider\" data-id=\"a5cdb44\" data-element_type=\"widget\" data-widget_type=\"divider.default\">\n\t\t\t\t<div class=\"elementor-widget-container\">\n\t\t\t\t\t<div class=\"elementor-divider\">\n\t\t\t<span class=\"elementor-divider-separator\">\n\t\t\t\t\t\t<\/span>\n\t\t<\/div>\n\t\t\t\t<\/div>\n\t\t\t\t<\/div>\n\t\t\t\t<div class=\"elementor-element elementor-element-651f070 elementor-widget elementor-widget-text-editor\" data-id=\"651f070\" data-element_type=\"widget\" data-widget_type=\"text-editor.default\">\n\t\t\t\t<div class=\"elementor-widget-container\">\n\t\t\t\t\t\t\t<p>The included lesson plans promote inclusive narratives of Colombia's past and present. In Colombia as elsewhere, the prevailing historical narratives are those produced by the people with most power: mainly white, Western, elite males. This has silenced the role that other groups of people have played in history. These lesson plans contribute to the transformation of the narratives we tell about ourselves as Colombians, illuminating the experiences of communities about which we have heard little or through the narratives by outsiders.<\/p>\t\t\t\t\t\t<\/div>\n\t\t\t\t<\/div>\n\t\t<div class=\"elementor-element elementor-element-768197f e-flex e-con-boxed e-con e-child\" data-id=\"768197f\" data-element_type=\"container\">\n\t\t\t\t\t<div class=\"e-con-inner\">\n\t\t\t\t<div class=\"elementor-element elementor-element-5933add elementor-widget elementor-widget-heading\" data-id=\"5933add\" data-element_type=\"widget\" data-widget_type=\"heading.default\">\n\t\t\t\t<div class=\"elementor-widget-container\">\n\t\t\t<h2 class=\"elementor-heading-title elementor-size-default\">TO SEE THE LESSON PLANS ONLINE <\/h2>\t\t<\/div>\n\t\t\t\t<\/div>\n\t\t\t\t<div class=\"elementor-element elementor-element-86c7dd5 elementor-align-center elementor-widget elementor-widget-button\" data-id=\"86c7dd5\" data-element_type=\"widget\" data-widget_type=\"button.default\">\n\t\t\t\t<div class=\"elementor-widget-container\">\n\t\t\t\t\t<div class=\"elementor-button-wrapper\">\n\t\t\t<a class=\"elementor-button elementor-button-link elementor-size-sm\" href=\"https:\/\/drive.google.com\/file\/d\/1oTqkC9Pp9N_u570S7GxuVoMADtYX-c2_\/view?usp=sharing\" target=\"_blank\" rel=\"noopener\">\n\t\t\t\t\t\t<span class=\"elementor-button-content-wrapper\">\n\t\t\t\t\t\t<span class=\"elementor-button-icon\">\n\t\t\t\t<svg aria-hidden=\"true\" class=\"e-font-icon-svg e-far-file-alt\" viewbox=\"0 0 384 512\" xmlns=\"http:\/\/www.w3.org\/2000\/svg\"><path d=\"M288 248v28c0 6.6-5.4 12-12 12H108c-6.6 0-12-5.4-12-12v-28c0-6.6 5.4-12 12-12h168c6.6 0 12 5.4 12 12zm-12 72H108c-6.6 0-12 5.4-12 12v28c0 6.6 5.4 12 12 12h168c6.6 0 12-5.4 12-12v-28c0-6.6-5.4-12-12-12zm108-188.1V464c0 26.5-21.5 48-48 48H48c-26.5 0-48-21.5-48-48V48C0 21.5 21.5 0 48 0h204.1C264.8 0 277 5.1 286 14.1L369.9 98c9 8.9 14.1 21.2 14.1 33.9zm-128-80V128h76.1L256 51.9zM336 464V176H232c-13.3 0-24-10.7-24-24V48H48v416h288z\"><\/path><\/svg>\t\t\t<\/span>\n\t\t\t\t\t\t\t\t\t<span class=\"elementor-button-text\">PDF FILE FOR WEB BROWSING<\/span>\n\t\t\t\t\t<\/span>\n\t\t\t\t\t<\/a>\n\t\t<\/div>\n\t\t\t\t<\/div>\n\t\t\t\t<\/div>\n\t\t\t\t\t<\/div>\n\t\t\t\t<\/div>\n\t\t<div class=\"elementor-element elementor-element-6690079 e-flex e-con-boxed e-con e-child\" data-id=\"6690079\" data-element_type=\"container\">\n\t\t\t\t\t<div class=\"e-con-inner\">\n\t\t\t\t<div class=\"elementor-element elementor-element-1fca843 elementor-widget elementor-widget-heading\" data-id=\"1fca843\" data-element_type=\"widget\" data-widget_type=\"heading.default\">\n\t\t\t\t<div class=\"elementor-widget-container\">\n\t\t\t<h2 class=\"elementor-heading-title elementor-size-default\">TO DOWNLOAD A PRINTABLE COPY<\/h2>\t\t<\/div>\n\t\t\t\t<\/div>\n\t\t\t\t<div class=\"elementor-element elementor-element-6e97ac2 elementor-align-center elementor-widget elementor-widget-button\" data-id=\"6e97ac2\" data-element_type=\"widget\" data-widget_type=\"button.default\">\n\t\t\t\t<div class=\"elementor-widget-container\">\n\t\t\t\t\t<div class=\"elementor-button-wrapper\">\n\t\t\t<a class=\"elementor-button elementor-button-link elementor-size-sm\" href=\"https:\/\/drive.google.com\/u\/0\/uc?id=1jkgFPuiwyLuB355LLgTS5twJPDhkKGd3&#038;export=download\" download=\"Guia didactica para maestros y maestras\" target=\"_blank\" rel=\"noopener\">\n\t\t\t\t\t\t<span class=\"elementor-button-content-wrapper\">\n\t\t\t\t\t\t<span class=\"elementor-button-icon\">\n\t\t\t\t<svg aria-hidden=\"true\" class=\"e-font-icon-svg e-fas-download\" viewbox=\"0 0 512 512\" xmlns=\"http:\/\/www.w3.org\/2000\/svg\"><path d=\"M216 0h80c13.3 0 24 10.7 24 24v168h87.7c17.8 0 26.7 21.5 14.1 34.1L269.7 378.3c-7.5 7.5-19.8 7.5-27.3 0L90.1 226.1c-12.6-12.6-3.7-34.1 14.1-34.1H192V24c0-13.3 10.7-24 24-24zm296 376v112c0 13.3-10.7 24-24 24H24c-13.3 0-24-10.7-24-24V376c0-13.3 10.7-24 24-24h146.7l49 49c20.1 20.1 52.5 20.1 72.6 0l49-49H488c13.3 0 24 10.7 24 24zm-124 88c0-11-9-20-20-20s-20 9-20 20 9 20 20 20 20-9 20-20zm64 0c0-11-9-20-20-20s-20 9-20 20 9 20 20 20 20-9 20-20z\"><\/path><\/svg>\t\t\t<\/span>\n\t\t\t\t\t\t\t\t\t<span class=\"elementor-button-text\">PDF FILE FOR PRINT<\/span>\n\t\t\t\t\t<\/span>\n\t\t\t\t\t<\/a>\n\t\t<\/div>\n\t\t\t\t<\/div>\n\t\t\t\t<\/div>\n\t\t\t\t\t<\/div>\n\t\t\t\t<\/div>\n\t\t\t\t<div class=\"elementor-element elementor-element-2838d73 elementor-widget elementor-widget-text-editor\" data-id=\"2838d73\" data-element_type=\"widget\" data-widget_type=\"text-editor.default\">\n\t\t\t\t<div class=\"elementor-widget-container\">\n\t\t\t\t\t\t\t<p>*En esta gu\u00eda hacemos uso del masculino gen\u00e9rico, es decir, del masculino singular y plural para designar ambos g\u00e9neros gramaticales. Y aunque este gen\u00e9rico sea gramaticalmente econ\u00f3mico al momento de explicar cosas, no consideramos que logre incluir de manera efectiva toda la multiplicidad de g\u00e9neros que existen.<\/p>\t\t\t\t\t\t<\/div>\n\t\t\t\t<\/div>\n\t\t\t\t\t<\/div>\n\t\t\t\t<\/div>\n\t\t\t\t\t<\/div>\n\t\t\t\t<\/div>\n\t\t\t\t<\/div>","protected":false},"excerpt":{"rendered":"<p>Gu\u00eda did\u00e1ctica para maestros y maestras El material pedag\u00f3gico que presentamos aqu\u00ed busca promover narrativas incluyentes del pasado y del presente en Colombia. Aqu\u00ed y en otros lugares del mundo, la historia predominante es aquella de las personas que han tenido el poder para contarla: mayoritariamente hombres, blancos, occidentales y pertenecientes a las \u00e9lites. Esto [&hellip;]<\/p>","protected":false},"author":1,"featured_media":0,"parent":0,"menu_order":0,"comment_status":"closed","ping_status":"closed","template":"","meta":{"rank_math_lock_modified_date":false,"_exactmetrics_skip_tracking":false,"_exactmetrics_sitenote_active":false,"_exactmetrics_sitenote_note":"","_exactmetrics_sitenote_category":0,"footnotes":""},"class_list":["post-3267","page","type-page","status-publish","hentry"],"_links":{"self":[{"href":"https:\/\/nuestraorilla.co\/en\/wp-json\/wp\/v2\/pages\/3267"}],"collection":[{"href":"https:\/\/nuestraorilla.co\/en\/wp-json\/wp\/v2\/pages"}],"about":[{"href":"https:\/\/nuestraorilla.co\/en\/wp-json\/wp\/v2\/types\/page"}],"author":[{"embeddable":true,"href":"https:\/\/nuestraorilla.co\/en\/wp-json\/wp\/v2\/users\/1"}],"replies":[{"embeddable":true,"href":"https:\/\/nuestraorilla.co\/en\/wp-json\/wp\/v2\/comments?post=3267"}],"version-history":[{"count":66,"href":"https:\/\/nuestraorilla.co\/en\/wp-json\/wp\/v2\/pages\/3267\/revisions"}],"predecessor-version":[{"id":3351,"href":"https:\/\/nuestraorilla.co\/en\/wp-json\/wp\/v2\/pages\/3267\/revisions\/3351"}],"wp:attachment":[{"href":"https:\/\/nuestraorilla.co\/en\/wp-json\/wp\/v2\/media?parent=3267"}],"curies":[{"name":"wp","href":"https:\/\/api.w.org\/{rel}","templated":true}]}}